{"id":83,"date":"2026-02-04T11:14:06","date_gmt":"2026-02-04T11:14:06","guid":{"rendered":"http:\/\/a2sf.fr\/?page_id=83"},"modified":"2026-02-12T14:16:44","modified_gmt":"2026-02-12T14:16:44","slug":"nos-actions","status":"publish","type":"page","link":"https:\/\/a2sf.fr\/index.php\/nos-actions\/","title":{"rendered":"Nos actions"},"content":{"rendered":"\n<div style=\"height:100px\" aria-hidden=\"true\" class=\"wp-block-spacer\"><\/div>\n\n\n\n<div class=\"wp-block-group alignwide has-global-padding is-layout-constrained wp-block-group-is-layout-constrained\">\n<div class=\"wp-block-columns alignwide is-layout-flex wp-container-core-columns-is-layout-28f84493 wp-block-columns-is-layout-flex\">\n<div class=\"wp-block-column is-layout-flow wp-block-column-is-layout-flow\">\n<h2 class=\"wp-block-heading has-text-align-center has-text-color has-link-color wp-elements-0391ae69167b9c26d0703fc61b53c301\" style=\"color:#1a56db\"><strong>Nos actions<\/strong><\/h2>\n\n\n\n<div style=\"height:15px\" aria-hidden=\"true\" class=\"wp-block-spacer\"><\/div>\n\n\n\n<p>\u00ab L\u2019ambition de l\u2019ASSF ( site A2SF.fr) &nbsp;repose sur, un ensemble solidaire de partenaires &amp; b\u00e9n\u00e9voles investis, engag\u00e9s dans son organisation, ses activit\u00e9s et enjeux pour satisfaire ses adh\u00e9rents et non-adh\u00e9rents \u00bb<\/p>\n\n\n\n<h3 class=\"wp-block-heading\">Une association tourn\u00e9e vers l\u2019accompagnement et la mise en relation.<\/h3>\n\n\n\n<p>L\u2019ASSF accompagne et aide dans votre recherche de couverture sant\u00e9, ainsi que dans le choix de votre couverture sant\u00e9. L\u2019association s\u2019est entour\u00e9e de deux cabinets de courtage afin de vous accompagner dans le choix des meilleures solutions possibles sur le march\u00e9 de la sant\u00e9 et de la pr\u00e9voyance. L\u2019association ne conclue aucun contrat pour le compte de tiers. L\u2019association aide \u00e0 la fois le particulier, les entreprises et autres associations soucieuse d\u2019\u00eatre accompagn\u00e9es. Elle repr\u00e9sente ses adh\u00e9rents dans la relation avec les courtiers assureurs dans le d\u00e9veloppement et l\u2019\u00e9volution de ces m\u00eames contrats.<\/p>\n\n\n\n<p>L\u2019ASSF se mobilise, en compl\u00e9ment de l\u2019offre \u00ab&nbsp;assurance&nbsp;\u00bb, sur le d\u00e9veloppement de l\u2019information et des actions de pr\u00e9vention dans le domaine de la sant\u00e9 par :<br>\u2022 sa communication aupr\u00e8s de ses adh\u00e9rents \u00e0 travers sa newsletter, mais aussi une mise \u00e0 jour r\u00e9guli\u00e8re de son site internet&nbsp;;<br>\u2022 rendre ses adh\u00e9rents et ses membres attentifs \u00e0 l\u2019\u00e9volution et \u00e0 la ma\u00eetrise des d\u00e9penses de sant\u00e9.<\/p>\n\n\n\n<p>A travers le th\u00e8me <strong>\u00ab #Bien Couvert pour Bien Vieillir \u00bb<\/strong>, l\u2019ASSF cherche \u00e0 favoriser l\u2019adoption par chacun de bons comportements de sant\u00e9, qui vont aider \u00e0 \u00eatre bien couvert.<\/p>\n<\/div>\n<\/div>\n<\/div>\n\n\n\n<div style=\"height:100px\" aria-hidden=\"true\" class=\"wp-block-spacer\"><\/div>\n","protected":false},"excerpt":{"rendered":"<p>Nos actions \u00ab L\u2019ambition de l\u2019ASSF ( site A2SF.fr) &nbsp;repose sur, un ensemble solidaire de partenaires &amp; b\u00e9n\u00e9voles investis, engag\u00e9s dans son organisation, ses activit\u00e9s et enjeux pour satisfaire ses adh\u00e9rents et non-adh\u00e9rents \u00bb Une association tourn\u00e9e vers l\u2019accompagnement et la mise en relation. L\u2019ASSF accompagne et aide dans votre recherche de couverture sant\u00e9, ainsi [&hellip;]<\/p>\n","protected":false},"author":1,"featured_media":0,"parent":0,"menu_order":0,"comment_status":"closed","ping_status":"closed","template":"","meta":{"om_disable_all_campaigns":false,"footnotes":""},"class_list":["post-83","page","type-page","status-publish","hentry"],"_links":{"self":[{"href":"https:\/\/a2sf.fr\/index.php\/wp-json\/wp\/v2\/pages\/83","targetHints":{"allow":["GET"]}}],"collection":[{"href":"https:\/\/a2sf.fr\/index.php\/wp-json\/wp\/v2\/pages"}],"about":[{"href":"https:\/\/a2sf.fr\/index.php\/wp-json\/wp\/v2\/types\/page"}],"author":[{"embeddable":true,"href":"https:\/\/a2sf.fr\/index.php\/wp-json\/wp\/v2\/users\/1"}],"replies":[{"embeddable":true,"href":"https:\/\/a2sf.fr\/index.php\/wp-json\/wp\/v2\/comments?post=83"}],"version-history":[{"count":16,"href":"https:\/\/a2sf.fr\/index.php\/wp-json\/wp\/v2\/pages\/83\/revisions"}],"predecessor-version":[{"id":867,"href":"https:\/\/a2sf.fr\/index.php\/wp-json\/wp\/v2\/pages\/83\/revisions\/867"}],"wp:attachment":[{"href":"https:\/\/a2sf.fr\/index.php\/wp-json\/wp\/v2\/media?parent=83"}],"curies":[{"name":"wp","href":"https:\/\/api.w.org\/{rel}","templated":true}]}}