{"id":82,"date":"2026-02-04T11:14:06","date_gmt":"2026-02-04T11:14:06","guid":{"rendered":"http:\/\/a2sf.fr\/?page_id=82"},"modified":"2026-02-12T14:14:55","modified_gmt":"2026-02-12T14:14:55","slug":"qui-sommes-nous","status":"publish","type":"page","link":"https:\/\/a2sf.fr\/index.php\/qui-sommes-nous\/","title":{"rendered":"Qui sommes-nous ?"},"content":{"rendered":"\n<div style=\"height:100px\" aria-hidden=\"true\" class=\"wp-block-spacer\"><\/div>\n\n\n\n<div class=\"wp-block-group alignwide has-global-padding is-layout-constrained wp-block-group-is-layout-constrained\">\n<div class=\"wp-block-columns alignwide is-layout-flex wp-container-core-columns-is-layout-28f84493 wp-block-columns-is-layout-flex\">\n<div class=\"wp-block-column is-layout-flow wp-block-column-is-layout-flow\">\n<h2 class=\"wp-block-heading has-text-align-center has-text-color has-link-color wp-elements-bce1ee4e47b67d3ef70bd6c9bdeb2c04\" style=\"color:#1a56db\"><strong>Qui sommes-nous ?<\/strong><\/h2>\n\n\n\n<div style=\"height:15px\" aria-hidden=\"true\" class=\"wp-block-spacer\"><\/div>\n\n\n\n<h4 class=\"wp-block-heading\"><strong>Une initiative sant\u00e9 &amp; pr\u00e9voyance originale pour vous accompagner<\/strong><\/h4>\n\n\n\n<p>L\u2019Association Solidarit\u00e9 Sant\u00e9 France (ASSF), r\u00e9gie par la loi de 1901, est une association ind\u00e9pendante \u00e0 but non lucratif souscriptrice de contrats d\u2019assurance sant\u00e9 et pr\u00e9voyance par le biais du cabinet Votrassureur.fr (orias n\u00b025002263) et Actionassur.fr (orias n\u00b025002580).<\/p>\n\n\n\n<p>Participer \u00e0 la pr\u00e9vention par la diffusion d&rsquo;informations et de conseils int\u00e9ressant la protection de la sant\u00e9 et de la pr\u00e9voyance, promouvoir les initiatives visant la formation et l&rsquo;\u00e9ducation en mati\u00e8re de couverture sant\u00e9 et pr\u00e9voyance.<\/p>\n\n\n\n<p>Accompagner et aider dans votre recherche de couverture sant\u00e9.<\/p>\n\n\n\n<p>Accompagner dans le choix des partenaires en couverture sant\u00e9, susciter et d\u00e9velopper au profit de ses adh\u00e9rents et non-adh\u00e9rents la pr\u00e9vention en mati\u00e8re de sant\u00e9 et de pr\u00e9voyance.<\/p>\n\n\n\n<p>N\u00e9gocier aupr\u00e8s de courtiers partenaires (voir l&rsquo;onglet \u00ab\u00a0Nos partenaires\u00a0\u00bb) des contrats d&rsquo;assurances \u00e0 adh\u00e9sion individuelle ou collectif r\u00e9pondant aux besoins de sant\u00e9 et pr\u00e9voyance.<\/p>\n\n\n\n<p>Rendre ses adh\u00e9rents et ses membres attentifs \u00e0 l&rsquo;\u00e9volution et \u00e0 la maitrise des d\u00e9penses de sant\u00e9.<\/p>\n\n\n\n<p>Repr\u00e9senter et d\u00e9fendre les int\u00e9r\u00eats des adh\u00e9rents et non-adh\u00e9rents face aux assureurs, mutuelles courtiers afin de n\u00e9gocier et obtenir les meilleurs conditions.<\/p>\n\n\n\n<p>Mener des actions visant \u00e0 faire la promotion et le d\u00e9veloppement de l&rsquo;association aupr\u00e8s de futur adh\u00e9rents et non-adh\u00e9rents comme les particuliers ou autres associations.<\/p>\n\n\n\n<p><\/p>\n<\/div>\n<\/div>\n<\/div>\n\n\n\n<div style=\"height:100px\" aria-hidden=\"true\" class=\"wp-block-spacer\"><\/div>\n","protected":false},"excerpt":{"rendered":"<p>Qui sommes-nous ? Une initiative sant\u00e9 &amp; pr\u00e9voyance originale pour vous accompagner L\u2019Association Solidarit\u00e9 Sant\u00e9 France (ASSF), r\u00e9gie par la loi de 1901, est une association ind\u00e9pendante \u00e0 but non lucratif souscriptrice de contrats d\u2019assurance sant\u00e9 et pr\u00e9voyance par le biais du cabinet Votrassureur.fr (orias n\u00b025002263) et Actionassur.fr (orias n\u00b025002580). Participer \u00e0 la pr\u00e9vention par [&hellip;]<\/p>\n","protected":false},"author":1,"featured_media":0,"parent":0,"menu_order":0,"comment_status":"closed","ping_status":"closed","template":"","meta":{"om_disable_all_campaigns":false,"footnotes":""},"class_list":["post-82","page","type-page","status-publish","hentry"],"_links":{"self":[{"href":"https:\/\/a2sf.fr\/index.php\/wp-json\/wp\/v2\/pages\/82","targetHints":{"allow":["GET"]}}],"collection":[{"href":"https:\/\/a2sf.fr\/index.php\/wp-json\/wp\/v2\/pages"}],"about":[{"href":"https:\/\/a2sf.fr\/index.php\/wp-json\/wp\/v2\/types\/page"}],"author":[{"embeddable":true,"href":"https:\/\/a2sf.fr\/index.php\/wp-json\/wp\/v2\/users\/1"}],"replies":[{"embeddable":true,"href":"https:\/\/a2sf.fr\/index.php\/wp-json\/wp\/v2\/comments?post=82"}],"version-history":[{"count":24,"href":"https:\/\/a2sf.fr\/index.php\/wp-json\/wp\/v2\/pages\/82\/revisions"}],"predecessor-version":[{"id":865,"href":"https:\/\/a2sf.fr\/index.php\/wp-json\/wp\/v2\/pages\/82\/revisions\/865"}],"wp:attachment":[{"href":"https:\/\/a2sf.fr\/index.php\/wp-json\/wp\/v2\/media?parent=82"}],"curies":[{"name":"wp","href":"https:\/\/api.w.org\/{rel}","templated":true}]}}