{"id":76,"date":"2026-02-04T11:14:06","date_gmt":"2026-02-04T11:14:06","guid":{"rendered":"http:\/\/a2sf.fr\/?page_id=76"},"modified":"2026-02-12T14:32:49","modified_gmt":"2026-02-12T14:32:49","slug":"sante-bien-etre","status":"publish","type":"page","link":"https:\/\/a2sf.fr\/index.php\/sante-bien-etre\/","title":{"rendered":"Sant\u00e9 bien-\u00eatre"},"content":{"rendered":"\n<div style=\"height:25px\" aria-hidden=\"true\" class=\"wp-block-spacer\"><\/div>\n\n\n\n<div class=\"wp-block-group alignwide has-global-padding is-layout-constrained wp-block-group-is-layout-constrained\">\n<div class=\"wp-block-columns alignwide is-layout-flex wp-container-core-columns-is-layout-28f84493 wp-block-columns-is-layout-flex\">\n<div class=\"wp-block-column has-base-2-background-color has-background is-layout-flow wp-block-column-is-layout-flow\" style=\"border-top-left-radius:15px;border-top-right-radius:15px;border-bottom-left-radius:15px;border-bottom-right-radius:15px\">\n<h2 class=\"wp-block-heading has-text-align-center\">Sant\u00e9 bien-\u00eatre<\/h2>\n\n\n\n<div style=\"height:5px\" aria-hidden=\"true\" class=\"wp-block-spacer\"><\/div>\n\n\n\n<p style=\"margin-right:0;margin-left:0\">Comme le dit l\u2019adage <strong>\u00ab mieux vaut pr\u00e9venir que gu\u00e9rir \u00bb.<\/strong><\/p>\n\n\n\n<p style=\"margin-top:0;margin-right:0;margin-bottom:0;margin-left:0\">En effet, plus le temps passe et plus le \u00ab&nbsp;Si&nbsp;\u00bb se transforme en \u00ab&nbsp;Quand&nbsp;\u00bb.<\/p>\n\n\n\n<p style=\"margin-top:0;margin-right:0;margin-bottom:0;margin-left:0\">Les petits soucis de sant\u00e9 sont impossibles \u00e0 pr\u00e9voir, raison pour laquelle il est important d\u2019\u00eatre bien prot\u00e9g\u00e9.<\/p>\n\n\n\n<div style=\"height:1px\" aria-hidden=\"true\" class=\"wp-block-spacer\"><\/div>\n\n\n\n<p style=\"margin-top:0px;margin-right:0;margin-bottom:0px;margin-left:0\">La s\u00e9curit\u00e9 sociale se d\u00e9sengage de plus en plus de plusieurs poste de garantie et cette situation va s\u2019accro\u00eetre avec la r\u00e9duction de son budget. &nbsp;<\/p>\n\n\n\n<p style=\"margin-top:0;margin-right:0;margin-bottom:0;margin-left:0\">Le r\u00f4le des organismes compl\u00e9mentaires prend une plus grande importance et un bon conseil est tr\u00e8s important.<\/p>\n\n\n\n<div style=\"height:1px\" aria-hidden=\"true\" class=\"wp-block-spacer\"><\/div>\n\n\n\n<p style=\"margin-top:0;margin-right:0;margin-bottom:0;margin-left:0\">Voici 5 bonnes raisons de ne pas faire l\u2019impasse sur l\u2019assurance sant\u00e9.<\/p>\n\n\n\n<div style=\"height:5px\" aria-hidden=\"true\" class=\"wp-block-spacer\"><\/div>\n\n\n\n<h4 class=\"wp-block-heading\"><strong>1. Mieux rembours\u00e9 = mieux prot\u00e9g\u00e9<\/strong><\/h4>\n\n\n\n<p>Consultations m\u00e9dicales, m\u00e9dicaments, analyses, soins dentaires, optiques ou hospitalisation\u2026<\/p>\n\n\n\n<p style=\"margin-top:0;margin-bottom:0\">&#8230;Tous ces frais ne sont rembours\u00e9s qu\u2019en partie et de moins en moins par la s\u00e9curit\u00e9 sociale (voir LFSS 2026).<\/p>\n\n\n\n<p style=\"margin-top:0;margin-bottom:0\">Les d\u00e9passements d\u2019honoraires et les soins sp\u00e9cialis\u00e9s sont le plus souvent \u00e0 votre charge. En souscrivant une&nbsp;mutuelle sant\u00e9, vous b\u00e9n\u00e9ficiez d\u2019une couverture compl\u00e9mentaire pour toute la famille.<\/p>\n\n\n\n<p style=\"margin-top:0;margin-bottom:0\">Certaines formules prennent m\u00eame en charge des soins peu rembours\u00e9s par la S\u00e9curit\u00e9 sociale, comme l\u2019ost\u00e9opathie ou la m\u00e9decine douce, le gros appareillage et surtout les vaccins.<\/p>\n\n\n\n<p style=\"margin-top:0;margin-bottom:0\">Vous permettant ainsi de recourir \u00e0 des praticiens de votre choix, sans contrainte.<\/p>\n\n\n\n<div style=\"height:5px\" aria-hidden=\"true\" class=\"wp-block-spacer\"><\/div>\n\n\n\n<h4 class=\"wp-block-heading\"><strong>2. Adapter la mutuelle \u00e0 ses vrais besoins<\/strong><\/h4>\n\n\n\n<p>Le principal avantage d\u2019une assurance sant\u00e9 est sa capacit\u00e9 \u00e0 s\u2019adapter \u00e0 votre situation personnelle.<\/p>\n\n\n\n<div style=\"height:1px\" aria-hidden=\"true\" class=\"wp-block-spacer\"><\/div>\n\n\n\n<p style=\"margin-top:0;margin-bottom:0\">Que vous soyez \u00e9tudiant, salari\u00e9, travailleur ind\u00e9pendant, jeune actif ou s\u00e9nior, vous avez droit \u00e0 une protection sur mesure.<\/p>\n\n\n\n<p style=\"margin-top:0;margin-bottom:0\">Certaines formules sont con\u00e7ues pour couvrir des soins sp\u00e9cifiques (comme les lentilles de contact ou l\u2019orthodontie adulte), d\u2019autres pour offrir une assistance renforc\u00e9e en cas d\u2019hospitalisation. Il est \u00e9galement possible d\u2019adapter votre mutuelle sant\u00e9 strictement \u00e0 vos besoins sans payer pour des services inutiles.<\/p>\n\n\n\n<div style=\"height:1px\" aria-hidden=\"true\" class=\"wp-block-spacer\"><\/div>\n\n\n\n<p style=\"margin-top:0;margin-bottom:0\">Au fil du temps ou si votre situation vient \u00e0 changer, nos courtiers partenaires vous propose des nouvelles solutions.<\/p>\n\n\n\n<div style=\"height:5px\" aria-hidden=\"true\" class=\"wp-block-spacer\"><\/div>\n\n\n\n<h4 class=\"wp-block-heading\"><strong>3. Pr\u00e9server son \u00e9pargne et celle de son entourage<\/strong><\/h4>\n\n\n\n<p>Une hospitalisation impr\u00e9vue, une urgence dentaire ou une op\u00e9ration co\u00fbteuse peuvent vite mettre \u00e0 mal votre budget.<\/p>\n\n\n\n<p style=\"margin-top:0;margin-bottom:0\">Avec une bonne assurance sant\u00e9, vous limitez l\u2019impact financier de ces impr\u00e9vus. Certaines offres incluent le tiers payant, ce qui \u00e9vite d\u2019avoir \u00e0 avancer des montants importants. Cela vous permet d\u2019acc\u00e9der rapidement aux soins sans attendre de remboursement ni vous soucier des contraintes de tr\u00e9sorerie imm\u00e9diates.<\/p>\n\n\n\n<div style=\"height:5px\" aria-hidden=\"true\" class=\"wp-block-spacer\"><\/div>\n\n\n\n<h4 class=\"wp-block-heading\"><strong>4. Des services pour une vie plus simple<\/strong><\/h4>\n\n\n\n<p>De nombreuses assurances sant\u00e9 vont au-del\u00e0 du simple remboursement des frais de sant\u00e9 en vous donnant acc\u00e8s \u00e0 plusieurs services : t\u00e9l\u00e9consultations 24h\/24, applications de suivi, accompagnement bien-\u00eatre, conseils personnalis\u00e9s, r\u00e9seaux de soins partenaires \u00e0 tarifs n\u00e9goci\u00e9s.<\/p>\n\n\n\n<p style=\"margin-top:0;margin-bottom:0\">Ces prestations am\u00e9liorent sensiblement le parcours de soins et le confort des assur\u00e9s.<\/p>\n\n\n\n<div style=\"height:1px\" aria-hidden=\"true\" class=\"wp-block-spacer\"><\/div>\n\n\n\n<p style=\"margin-top:0;margin-bottom:0\">En quelques clics, vous pouvez obtenir un avis m\u00e9dical, suivre vos remboursements et b\u00e9n\u00e9ficier d\u2019une orientation rapide vers des professionnels de sant\u00e9 pr\u00e8s de chez vous.<\/p>\n\n\n\n<div style=\"height:5px\" aria-hidden=\"true\" class=\"wp-block-spacer\"><\/div>\n\n\n\n<h4 class=\"wp-block-heading\"><strong>5. Pr\u00e9parer demain<\/strong><\/h4>\n\n\n\n<p>S\u2019assurer le plus t\u00f4t possible en passer par l&rsquo;un de nos courtiers partenaire sp\u00e9cialiste permet de b\u00e9n\u00e9ficier, Les derni\u00e8res garanties du march\u00e9, de tarifs plus avantageux et d\u2019\u00e9viter certaines exclusions li\u00e9es \u00e0 l\u2019\u00e2ge.<\/p>\n\n\n\n<p style=\"margin-top:0;margin-bottom:0\">Choisir une mutuelle sant\u00e9 adapt\u00e9e est un investissement pour votre futur, qui vous offrira un acc\u00e8s continu \u00e0 des soins de qualit\u00e9.<\/p>\n\n\n\n<div style=\"height:1px\" aria-hidden=\"true\" class=\"wp-block-spacer\"><\/div>\n\n\n\n<p style=\"margin-top:0;margin-bottom:0\"><strong>Souscrire une mutuelle sant\u00e9 est une solution optimale pour prot\u00e9ger sa sant\u00e9, son portefeuille et son avenir.<\/strong><\/p>\n<\/div>\n<\/div>\n<\/div>\n\n\n\n<div style=\"height:100px\" aria-hidden=\"true\" class=\"wp-block-spacer\"><\/div>\n","protected":false},"excerpt":{"rendered":"<p>Sant\u00e9 bien-\u00eatre Comme le dit l\u2019adage \u00ab mieux vaut pr\u00e9venir que gu\u00e9rir \u00bb. En effet, plus le temps passe et plus le \u00ab&nbsp;Si&nbsp;\u00bb se transforme en \u00ab&nbsp;Quand&nbsp;\u00bb. Les petits soucis de sant\u00e9 sont impossibles \u00e0 pr\u00e9voir, raison pour laquelle il est important d\u2019\u00eatre bien prot\u00e9g\u00e9. La s\u00e9curit\u00e9 sociale se d\u00e9sengage de plus en plus de [&hellip;]<\/p>\n","protected":false},"author":1,"featured_media":0,"parent":0,"menu_order":0,"comment_status":"closed","ping_status":"closed","template":"","meta":{"om_disable_all_campaigns":false,"footnotes":""},"class_list":["post-76","page","type-page","status-publish","hentry"],"_links":{"self":[{"href":"https:\/\/a2sf.fr\/index.php\/wp-json\/wp\/v2\/pages\/76","targetHints":{"allow":["GET"]}}],"collection":[{"href":"https:\/\/a2sf.fr\/index.php\/wp-json\/wp\/v2\/pages"}],"about":[{"href":"https:\/\/a2sf.fr\/index.php\/wp-json\/wp\/v2\/types\/page"}],"author":[{"embeddable":true,"href":"https:\/\/a2sf.fr\/index.php\/wp-json\/wp\/v2\/users\/1"}],"replies":[{"embeddable":true,"href":"https:\/\/a2sf.fr\/index.php\/wp-json\/wp\/v2\/comments?post=76"}],"version-history":[{"count":27,"href":"https:\/\/a2sf.fr\/index.php\/wp-json\/wp\/v2\/pages\/76\/revisions"}],"predecessor-version":[{"id":887,"href":"https:\/\/a2sf.fr\/index.php\/wp-json\/wp\/v2\/pages\/76\/revisions\/887"}],"wp:attachment":[{"href":"https:\/\/a2sf.fr\/index.php\/wp-json\/wp\/v2\/media?parent=76"}],"curies":[{"name":"wp","href":"https:\/\/api.w.org\/{rel}","templated":true}]}}