{"id":73,"date":"2026-02-04T11:14:06","date_gmt":"2026-02-04T11:14:06","guid":{"rendered":"http:\/\/a2sf.fr\/?page_id=73"},"modified":"2026-02-11T13:15:40","modified_gmt":"2026-02-11T13:15:40","slug":"espace-partenaires","status":"publish","type":"page","link":"https:\/\/a2sf.fr\/index.php\/espace-partenaires\/","title":{"rendered":"ESPACE PARTENAIRES"},"content":{"rendered":"\n<div style=\"height:100px\" aria-hidden=\"true\" class=\"wp-block-spacer\"><\/div>\n\n\n\n<div class=\"wp-block-group alignwide has-global-padding is-layout-constrained wp-block-group-is-layout-constrained\">\n<div class=\"wp-block-columns alignwide is-layout-flex wp-container-core-columns-is-layout-28f84493 wp-block-columns-is-layout-flex\">\n<div class=\"wp-block-column is-layout-flow wp-block-column-is-layout-flow\">\n<figure class=\"wp-block-image size-full is-resized has-custom-border\"><img fetchpriority=\"high\" decoding=\"async\" width=\"768\" height=\"768\" src=\"https:\/\/a2sf.fr\/wp-content\/uploads\/2026\/02\/Mentions-legales-Contact-Politique-de-confidentialite-Politique-de-cookies-5-edited.png\" alt=\"\" class=\"wp-image-552\" style=\"border-top-left-radius:25px;border-top-right-radius:25px;border-bottom-left-radius:25px;border-bottom-right-radius:25px;aspect-ratio:1.412062358150091;object-fit:cover;width:600px\" srcset=\"https:\/\/a2sf.fr\/wp-content\/uploads\/2026\/02\/Mentions-legales-Contact-Politique-de-confidentialite-Politique-de-cookies-5-edited.png 768w, https:\/\/a2sf.fr\/wp-content\/uploads\/2026\/02\/Mentions-legales-Contact-Politique-de-confidentialite-Politique-de-cookies-5-edited-300x300.png 300w, https:\/\/a2sf.fr\/wp-content\/uploads\/2026\/02\/Mentions-legales-Contact-Politique-de-confidentialite-Politique-de-cookies-5-edited-150x150.png 150w\" sizes=\"(max-width: 768px) 100vw, 768px\" \/><\/figure>\n<\/div>\n\n\n\n<div class=\"wp-block-column has-base-2-background-color has-text-color has-background has-link-color wp-elements-2d88fd3df024a06cc765fda12cf1dfbc is-layout-flow wp-block-column-is-layout-flow\" style=\"border-top-left-radius:15px;border-top-right-radius:15px;border-bottom-left-radius:15px;border-bottom-right-radius:15px;color:#51b7e2\">\n<p style=\"font-size:clamp(0.875rem, 0.875rem + ((1vw - 0.2rem) * 0.292), 1.05rem);\"><\/p>\n\n\n\n<p style=\"font-size:clamp(0.929rem, 0.929rem + ((1vw - 0.2rem) * 0.785), 1.4rem);\"><strong>Cabinet de courtage partenaire.<\/strong><\/p>\n\n\n\n<p style=\"font-size:clamp(0.929rem, 0.929rem + ((1vw - 0.2rem) * 0.785), 1.4rem);\"><strong>Sp\u00e9cialis\u00e9 en Mutuelle sant\u00e9 et Pr\u00e9voyance.<\/strong><\/p>\n\n\n\n<p style=\"font-size:clamp(0.929rem, 0.929rem + ((1vw - 0.2rem) * 0.785), 1.4rem);\"><strong>Disponible par mail : <\/strong>votrassureur@gmail.com<\/p>\n<\/div>\n<\/div>\n<\/div>\n\n\n\n<div style=\"height:25px\" aria-hidden=\"true\" class=\"wp-block-spacer\"><\/div>\n\n\n\n<div class=\"wp-block-group alignwide has-global-padding is-layout-constrained wp-block-group-is-layout-constrained\">\n<div class=\"wp-block-columns alignwide is-layout-flex wp-container-core-columns-is-layout-28f84493 wp-block-columns-is-layout-flex\">\n<div class=\"wp-block-column is-layout-flow wp-block-column-is-layout-flow\">\n<figure class=\"wp-block-image size-full is-resized has-custom-border\"><img decoding=\"async\" width=\"1024\" height=\"576\" src=\"https:\/\/a2sf.fr\/wp-content\/uploads\/2026\/02\/Mentions-legales-Contact-Politique-de-confidentialite-Politique-de-cookies-7-edited-1.png\" alt=\"\" class=\"wp-image-557\" style=\"border-top-left-radius:25px;border-top-right-radius:25px;border-bottom-left-radius:25px;border-bottom-right-radius:25px;aspect-ratio:1.680231031766868;object-fit:cover;width:600px;height:auto\" srcset=\"https:\/\/a2sf.fr\/wp-content\/uploads\/2026\/02\/Mentions-legales-Contact-Politique-de-confidentialite-Politique-de-cookies-7-edited-1.png 1024w, https:\/\/a2sf.fr\/wp-content\/uploads\/2026\/02\/Mentions-legales-Contact-Politique-de-confidentialite-Politique-de-cookies-7-edited-1-300x169.png 300w, https:\/\/a2sf.fr\/wp-content\/uploads\/2026\/02\/Mentions-legales-Contact-Politique-de-confidentialite-Politique-de-cookies-7-edited-1-768x432.png 768w\" sizes=\"(max-width: 1024px) 100vw, 1024px\" \/><\/figure>\n<\/div>\n\n\n\n<div class=\"wp-block-column has-base-2-background-color has-background is-layout-flow wp-block-column-is-layout-flow\" style=\"border-top-left-radius:15px;border-top-right-radius:15px;border-bottom-left-radius:15px;border-bottom-right-radius:15px\">\n<p><\/p>\n\n\n\n<p style=\"font-size:clamp(0.929rem, 0.929rem + ((1vw - 0.2rem) * 0.785), 1.4rem);\"><strong>Cabinet de courtage partenaire.<\/strong><\/p>\n\n\n\n<p style=\"font-size:clamp(0.929rem, 0.929rem + ((1vw - 0.2rem) * 0.785), 1.4rem);\"><strong>Sp\u00e9cialis\u00e9 en Mutuelle sant\u00e9 individuelle, collective et Pr\u00e9voyance.<\/strong><\/p>\n\n\n\n<p style=\"font-size:clamp(0.929rem, 0.929rem + ((1vw - 0.2rem) * 0.785), 1.4rem);\"><strong>Disponible par mail : <\/strong>servicecommercial.actionassur@gmail.com<\/p>\n<\/div>\n<\/div>\n<\/div>\n\n\n\n<div style=\"height:25px\" aria-hidden=\"true\" class=\"wp-block-spacer\"><\/div>\n\n\n\n<div class=\"wp-block-group alignwide has-global-padding is-layout-constrained wp-block-group-is-layout-constrained\">\n<div class=\"wp-block-columns alignwide is-layout-flex wp-container-core-columns-is-layout-28f84493 wp-block-columns-is-layout-flex\">\n<div class=\"wp-block-column is-layout-flow wp-block-column-is-layout-flow\">\n<figure class=\"wp-block-image size-full is-resized has-custom-border\"><img decoding=\"async\" width=\"1024\" height=\"683\" src=\"https:\/\/a2sf.fr\/wp-content\/uploads\/2026\/02\/Mentions-legales-Contact-Politique-de-confidentialite-Politique-de-cookies-9-edited-1.png\" alt=\"\" class=\"wp-image-562\" style=\"border-top-left-radius:25px;border-top-right-radius:25px;border-bottom-left-radius:25px;border-bottom-right-radius:25px;aspect-ratio:1.4758445751181828;width:600px\" srcset=\"https:\/\/a2sf.fr\/wp-content\/uploads\/2026\/02\/Mentions-legales-Contact-Politique-de-confidentialite-Politique-de-cookies-9-edited-1.png 1024w, https:\/\/a2sf.fr\/wp-content\/uploads\/2026\/02\/Mentions-legales-Contact-Politique-de-confidentialite-Politique-de-cookies-9-edited-1-300x200.png 300w, https:\/\/a2sf.fr\/wp-content\/uploads\/2026\/02\/Mentions-legales-Contact-Politique-de-confidentialite-Politique-de-cookies-9-edited-1-768x512.png 768w\" sizes=\"(max-width: 1024px) 100vw, 1024px\" \/><\/figure>\n<\/div>\n\n\n\n<div class=\"wp-block-column has-base-2-background-color has-text-color has-background has-link-color wp-elements-2e3c76fdb55118d56daad594853fd702 is-layout-flow wp-block-column-is-layout-flow\" style=\"border-top-left-radius:15px;border-top-right-radius:15px;border-bottom-left-radius:15px;border-bottom-right-radius:15px;color:#fead3d\">\n<p><\/p>\n\n\n\n<p style=\"font-size:clamp(0.929rem, 0.929rem + ((1vw - 0.2rem) * 0.785), 1.4rem);\"><strong>Partenaire multiservices.<\/strong><\/p>\n\n\n\n<p style=\"font-size:clamp(0.929rem, 0.929rem + ((1vw - 0.2rem) * 0.785), 1.4rem);\"><strong>Disponible par mail :<\/strong> servicecommercial.actionassur@gmail.com<\/p>\n<\/div>\n<\/div>\n<\/div>\n\n\n\n<div style=\"height:100px\" aria-hidden=\"true\" class=\"wp-block-spacer\"><\/div>\n","protected":false},"excerpt":{"rendered":"<p>Cabinet de courtage partenaire. Sp\u00e9cialis\u00e9 en Mutuelle sant\u00e9 et Pr\u00e9voyance. Disponible par mail : votrassureur@gmail.com Cabinet de courtage partenaire. Sp\u00e9cialis\u00e9 en Mutuelle sant\u00e9 individuelle, collective et Pr\u00e9voyance. Disponible par mail : servicecommercial.actionassur@gmail.com Partenaire multiservices. Disponible par mail : servicecommercial.actionassur@gmail.com<\/p>\n","protected":false},"author":1,"featured_media":0,"parent":0,"menu_order":0,"comment_status":"closed","ping_status":"closed","template":"","meta":{"om_disable_all_campaigns":false,"footnotes":""},"class_list":["post-73","page","type-page","status-publish","hentry"],"_links":{"self":[{"href":"https:\/\/a2sf.fr\/index.php\/wp-json\/wp\/v2\/pages\/73","targetHints":{"allow":["GET"]}}],"collection":[{"href":"https:\/\/a2sf.fr\/index.php\/wp-json\/wp\/v2\/pages"}],"about":[{"href":"https:\/\/a2sf.fr\/index.php\/wp-json\/wp\/v2\/types\/page"}],"author":[{"embeddable":true,"href":"https:\/\/a2sf.fr\/index.php\/wp-json\/wp\/v2\/users\/1"}],"replies":[{"embeddable":true,"href":"https:\/\/a2sf.fr\/index.php\/wp-json\/wp\/v2\/comments?post=73"}],"version-history":[{"count":26,"href":"https:\/\/a2sf.fr\/index.php\/wp-json\/wp\/v2\/pages\/73\/revisions"}],"predecessor-version":[{"id":841,"href":"https:\/\/a2sf.fr\/index.php\/wp-json\/wp\/v2\/pages\/73\/revisions\/841"}],"wp:attachment":[{"href":"https:\/\/a2sf.fr\/index.php\/wp-json\/wp\/v2\/media?parent=73"}],"curies":[{"name":"wp","href":"https:\/\/api.w.org\/{rel}","templated":true}]}}