{"id":419,"date":"2026-02-06T10:41:43","date_gmt":"2026-02-06T10:41:43","guid":{"rendered":"https:\/\/a2sf.fr\/?page_id=419"},"modified":"2026-02-11T10:41:59","modified_gmt":"2026-02-11T10:41:59","slug":"notre-association-vous-aide","status":"publish","type":"page","link":"https:\/\/a2sf.fr\/index.php\/notre-association-vous-aide\/","title":{"rendered":"Notre association vous aide"},"content":{"rendered":"\n<div style=\"height:25px\" aria-hidden=\"true\" class=\"wp-block-spacer\"><\/div>\n\n\n\n<div class=\"wp-block-group alignwide has-base-2-background-color has-background has-global-padding is-layout-constrained wp-block-group-is-layout-constrained\" style=\"border-top-left-radius:15px;border-top-right-radius:15px;border-bottom-left-radius:15px;border-bottom-right-radius:15px\">\n<div class=\"wp-block-columns alignwide is-layout-flex wp-container-core-columns-is-layout-28f84493 wp-block-columns-is-layout-flex\">\n<div class=\"wp-block-column is-layout-flow wp-block-column-is-layout-flow\">\n<div style=\"height:25px\" aria-hidden=\"true\" class=\"wp-block-spacer\"><\/div>\n\n\n\n<h2 class=\"wp-block-heading has-text-align-center\">Notre association vous aide<\/h2>\n\n\n\n<div style=\"height:25px\" aria-hidden=\"true\" class=\"wp-block-spacer\"><\/div>\n<\/div>\n<\/div>\n\n\n\n<div class=\"wp-block-columns alignwide is-layout-flex wp-container-core-columns-is-layout-28f84493 wp-block-columns-is-layout-flex\">\n<div class=\"wp-block-column is-layout-flow wp-block-column-is-layout-flow\">\n<p>NAVA c\u2019est l\u2019approche de l\u2019association quand personne ne veut vous accompagner dans le meilleur des solutions sant\u00e9 et ou pr\u00e9voyance. Nous souhaitons \u00e0 travers cette action permettre \u00e0 nos adh\u00e9rents et non adh\u00e9rents de profiter de conseil \u00e0 leur mesure et qui leur correspondent le mieux gr\u00e2ce \u00e0 nos partenaires courtiers.<\/p>\n\n\n\n<p>Les courtiers partenaires s\u2019engagent \u00e0 mettre en \u0153uvre une logique de conseil personnalis\u00e9e afin de faire correspondre au mieux vos attentes et la solution \u00e0 vous proposer.<\/p>\n\n\n\n<p><strong>\u00ab&nbsp;Ils ont pour consigne d\u2019adapter la mutuelle sant\u00e9 \u00e0 vos habitudes de soins.&nbsp;\u00bb<\/strong><\/p>\n\n\n\n<div style=\"height:25px\" aria-hidden=\"true\" class=\"wp-block-spacer\"><\/div>\n\n\n\n<p><a href=\"https:\/\/a2sf.fr\/\" data-type=\"page\" data-id=\"249\">\u2190 Retour<\/a><\/p>\n<\/div>\n<\/div>\n<\/div>\n\n\n\n<div style=\"height:100px\" aria-hidden=\"true\" class=\"wp-block-spacer\"><\/div>\n","protected":false},"excerpt":{"rendered":"<p>Notre association vous aide NAVA c\u2019est l\u2019approche de l\u2019association quand personne ne veut vous accompagner dans le meilleur des solutions sant\u00e9 et ou pr\u00e9voyance. Nous souhaitons \u00e0 travers cette action permettre \u00e0 nos adh\u00e9rents et non adh\u00e9rents de profiter de conseil \u00e0 leur mesure et qui leur correspondent le mieux gr\u00e2ce \u00e0 nos partenaires courtiers. [&hellip;]<\/p>\n","protected":false},"author":1,"featured_media":0,"parent":0,"menu_order":0,"comment_status":"closed","ping_status":"closed","template":"","meta":{"om_disable_all_campaigns":false,"footnotes":""},"class_list":["post-419","page","type-page","status-publish","hentry"],"_links":{"self":[{"href":"https:\/\/a2sf.fr\/index.php\/wp-json\/wp\/v2\/pages\/419","targetHints":{"allow":["GET"]}}],"collection":[{"href":"https:\/\/a2sf.fr\/index.php\/wp-json\/wp\/v2\/pages"}],"about":[{"href":"https:\/\/a2sf.fr\/index.php\/wp-json\/wp\/v2\/types\/page"}],"author":[{"embeddable":true,"href":"https:\/\/a2sf.fr\/index.php\/wp-json\/wp\/v2\/users\/1"}],"replies":[{"embeddable":true,"href":"https:\/\/a2sf.fr\/index.php\/wp-json\/wp\/v2\/comments?post=419"}],"version-history":[{"count":14,"href":"https:\/\/a2sf.fr\/index.php\/wp-json\/wp\/v2\/pages\/419\/revisions"}],"predecessor-version":[{"id":814,"href":"https:\/\/a2sf.fr\/index.php\/wp-json\/wp\/v2\/pages\/419\/revisions\/814"}],"wp:attachment":[{"href":"https:\/\/a2sf.fr\/index.php\/wp-json\/wp\/v2\/media?parent=419"}],"curies":[{"name":"wp","href":"https:\/\/api.w.org\/{rel}","templated":true}]}}